{"id":471,"date":"2023-07-17T07:17:21","date_gmt":"2023-07-17T07:17:21","guid":{"rendered":"https:\/\/meenkdrop.nl\/ueber-meenk\/"},"modified":"2023-11-07T08:48:33","modified_gmt":"2023-11-07T08:48:33","slug":"uber-meenk","status":"publish","type":"page","link":"https:\/\/meenkdrop.nl\/de\/uber-meenk\/","title":{"rendered":"\u00dcber Meenk"},"content":{"rendered":"<p><div class=\"fusion-fullwidth fullwidth-box fusion-builder-row-1 fusion-flex-container has-pattern-background has-mask-background fusion-parallax-none nonhundred-percent-fullwidth non-hundred-percent-height-scrolling fusion-no-small-visibility\" style=\"--awb-border-radius-top-left:0px;--awb-border-radius-top-right:0px;--awb-border-radius-bottom-right:0px;--awb-border-radius-bottom-left:0px;--awb-background-image:url(&quot;https:\/\/meenkdrop.nl\/wp-content\/uploads\/2023\/08\/meenk_peperdrop.webp&quot;);--awb-background-size:cover;--awb-flex-wrap:wrap;\" ><div class=\"fusion-builder-row fusion-row fusion-flex-align-items-center fusion-flex-justify-content-center fusion-flex-content-wrap\" style=\"max-width:1248px;margin-left: calc(-4% \/ 2 );margin-right: calc(-4% \/ 2 );\"><div class=\"fusion-layout-column fusion_builder_column fusion-builder-column-0 fusion_builder_column_2_3 2_3 fusion-flex-column\" style=\"--awb-bg-size:cover;--awb-width-large:66.666666666667%;--awb-margin-top-large:0px;--awb-spacing-right-large:2.88%;--awb-margin-bottom-large:20px;--awb-spacing-left-large:2.88%;--awb-width-medium:66.666666666667%;--awb-order-medium:0;--awb-spacing-right-medium:2.88%;--awb-spacing-left-medium:2.88%;--awb-width-small:100%;--awb-order-small:0;--awb-spacing-right-small:1.92%;--awb-spacing-left-small:1.92%;\"><div class=\"fusion-column-wrapper fusion-column-has-shadow fusion-flex-justify-content-flex-start fusion-content-layout-column\"><div class=\"fusion-separator fusion-full-width-sep\" style=\"align-self: center;margin-left: auto;margin-right: auto;margin-top:235px;width:100%;\"><\/div><div class=\"fusion-image-element fusion-no-small-visibility fusion-no-medium-visibility\" style=\"--awb-caption-title-font-family:var(--h2_typography-font-family);--awb-caption-title-font-weight:var(--h2_typography-font-weight);--awb-caption-title-font-style:var(--h2_typography-font-style);--awb-caption-title-size:var(--h2_typography-font-size);--awb-caption-title-transform:var(--h2_typography-text-transform);--awb-caption-title-line-height:var(--h2_typography-line-height);--awb-caption-title-letter-spacing:var(--h2_typography-letter-spacing);\"><span class=\" fusion-imageframe imageframe-none imageframe-1 hover-type-none\"><img decoding=\"async\" width=\"2560\" height=\"391\" title=\"das k\u00f6stlichste Lakritz das man verschenken kann\" src=\"https:\/\/meenkdrop.nl\/wp-content\/uploads\/2023\/11\/daskostlichstelakritz-2.webp\" alt class=\"img-responsive wp-image-396\" srcset=\"https:\/\/meenkdrop.nl\/wp-content\/uploads\/2023\/11\/daskostlichstelakritz-2-200x31.webp 200w, https:\/\/meenkdrop.nl\/wp-content\/uploads\/2023\/11\/daskostlichstelakritz-2-400x61.webp 400w, https:\/\/meenkdrop.nl\/wp-content\/uploads\/2023\/11\/daskostlichstelakritz-2-600x92.webp 600w, https:\/\/meenkdrop.nl\/wp-content\/uploads\/2023\/11\/daskostlichstelakritz-2-800x122.webp 800w, https:\/\/meenkdrop.nl\/wp-content\/uploads\/2023\/11\/daskostlichstelakritz-2-1200x183.webp 1200w, https:\/\/meenkdrop.nl\/wp-content\/uploads\/2023\/11\/daskostlichstelakritz-2.webp 2560w\" sizes=\"(max-width: 640px) 100vw, 800px\" \/><\/span><\/div><div class=\"fusion-image-element fusion-no-small-visibility fusion-no-large-visibility\" style=\"--awb-caption-title-font-family:var(--h2_typography-font-family);--awb-caption-title-font-weight:var(--h2_typography-font-weight);--awb-caption-title-font-style:var(--h2_typography-font-style);--awb-caption-title-size:var(--h2_typography-font-size);--awb-caption-title-transform:var(--h2_typography-text-transform);--awb-caption-title-line-height:var(--h2_typography-line-height);--awb-caption-title-letter-spacing:var(--h2_typography-letter-spacing);\"><span class=\" fusion-imageframe imageframe-none imageframe-2 hover-type-none\"><img decoding=\"async\" width=\"1200\" height=\"317\" title=\"Meenk_het_lekkerste_dropje_om_te_geven_1200\" src=\"https:\/\/meenkdrop.nl\/wp-content\/uploads\/2023\/08\/Meenk_het_lekkerste_dropje_om_te_geven_1200.webp\" alt class=\"img-responsive wp-image-392\" srcset=\"https:\/\/meenkdrop.nl\/wp-content\/uploads\/2023\/08\/Meenk_het_lekkerste_dropje_om_te_geven_1200-200x53.webp 200w, https:\/\/meenkdrop.nl\/wp-content\/uploads\/2023\/08\/Meenk_het_lekkerste_dropje_om_te_geven_1200-400x106.webp 400w, https:\/\/meenkdrop.nl\/wp-content\/uploads\/2023\/08\/Meenk_het_lekkerste_dropje_om_te_geven_1200-600x159.webp 600w, https:\/\/meenkdrop.nl\/wp-content\/uploads\/2023\/08\/Meenk_het_lekkerste_dropje_om_te_geven_1200-800x211.webp 800w, https:\/\/meenkdrop.nl\/wp-content\/uploads\/2023\/08\/Meenk_het_lekkerste_dropje_om_te_geven_1200.webp 1200w\" sizes=\"(max-width: 640px) 100vw, 800px\" \/><\/span><\/div><div class=\"fusion-separator fusion-full-width-sep\" style=\"align-self: center;margin-left: auto;margin-right: auto;margin-top:135px;width:100%;\"><\/div><\/div><\/div><\/div><\/div><div class=\"fusion-fullwidth fullwidth-box fusion-builder-row-2 fusion-flex-container has-pattern-background has-mask-background fusion-parallax-none nonhundred-percent-fullwidth non-hundred-percent-height-scrolling fusion-no-medium-visibility fusion-no-large-visibility\" style=\"--awb-border-radius-top-left:0px;--awb-border-radius-top-right:0px;--awb-border-radius-bottom-right:0px;--awb-border-radius-bottom-left:0px;--awb-background-image:url(&quot;https:\/\/meenkdrop.nl\/wp-content\/uploads\/2023\/08\/meenk_peperdrop.webp&quot;);--awb-background-size:cover;--awb-flex-wrap:wrap;\" ><div class=\"fusion-builder-row fusion-row fusion-flex-align-items-center fusion-flex-justify-content-center fusion-flex-content-wrap\" style=\"max-width:1248px;margin-left: calc(-4% \/ 2 );margin-right: calc(-4% \/ 2 );\"><div class=\"fusion-layout-column fusion_builder_column fusion-builder-column-1 fusion_builder_column_2_3 2_3 fusion-flex-column\" style=\"--awb-bg-size:cover;--awb-width-large:66.666666666667%;--awb-margin-top-large:0px;--awb-spacing-right-large:2.88%;--awb-margin-bottom-large:20px;--awb-spacing-left-large:2.88%;--awb-width-medium:66.666666666667%;--awb-order-medium:0;--awb-spacing-right-medium:2.88%;--awb-spacing-left-medium:2.88%;--awb-width-small:100%;--awb-order-small:0;--awb-spacing-right-small:1.92%;--awb-spacing-left-small:1.92%;\"><div class=\"fusion-column-wrapper fusion-column-has-shadow fusion-flex-justify-content-flex-start fusion-content-layout-column\"><div class=\"fusion-separator fusion-full-width-sep\" style=\"align-self: center;margin-left: auto;margin-right: auto;margin-top:185px;width:100%;\"><\/div><div class=\"fusion-image-element \" style=\"--awb-caption-title-font-family:var(--h2_typography-font-family);--awb-caption-title-font-weight:var(--h2_typography-font-weight);--awb-caption-title-font-style:var(--h2_typography-font-style);--awb-caption-title-size:var(--h2_typography-font-size);--awb-caption-title-transform:var(--h2_typography-text-transform);--awb-caption-title-line-height:var(--h2_typography-line-height);--awb-caption-title-letter-spacing:var(--h2_typography-letter-spacing);\"><span class=\" fusion-imageframe imageframe-none imageframe-3 hover-type-none\"><img decoding=\"async\" width=\"600\" height=\"157\" title=\"Meenk_het_lekkerste_dropje_om_te_geven_600\" src=\"https:\/\/meenkdrop.nl\/wp-content\/uploads\/2023\/08\/Meenk_het_lekkerste_dropje_om_te_geven_600.webp\" alt class=\"img-responsive wp-image-394\" srcset=\"https:\/\/meenkdrop.nl\/wp-content\/uploads\/2023\/08\/Meenk_het_lekkerste_dropje_om_te_geven_600-200x52.webp 200w, https:\/\/meenkdrop.nl\/wp-content\/uploads\/2023\/08\/Meenk_het_lekkerste_dropje_om_te_geven_600-400x105.webp 400w, https:\/\/meenkdrop.nl\/wp-content\/uploads\/2023\/08\/Meenk_het_lekkerste_dropje_om_te_geven_600.webp 600w\" sizes=\"(max-width: 640px) 100vw, 600px\" \/><\/span><\/div><div class=\"fusion-separator fusion-full-width-sep\" style=\"align-self: center;margin-left: auto;margin-right: auto;margin-top:85px;width:100%;\"><\/div><\/div><\/div><\/div><\/div><div class=\"fusion-fullwidth fullwidth-box fusion-builder-row-3 fusion-flex-container has-pattern-background has-mask-background nonhundred-percent-fullwidth non-hundred-percent-height-scrolling fusion-no-small-visibility\" style=\"--awb-border-radius-top-left:0px;--awb-border-radius-top-right:0px;--awb-border-radius-bottom-right:0px;--awb-border-radius-bottom-left:0px;--awb-padding-bottom:60px;--awb-background-color:var(--awb-color6);--awb-flex-wrap:wrap;\" ><div class=\"fusion-builder-row fusion-row fusion-flex-align-items-flex-start fusion-flex-justify-content-center fusion-flex-content-wrap\" style=\"max-width:1248px;margin-left: calc(-4% \/ 2 );margin-right: calc(-4% \/ 2 );\"><div class=\"fusion-layout-column fusion_builder_column fusion-builder-column-2 fusion_builder_column_3_4 3_4 fusion-flex-column\" style=\"--awb-bg-size:cover;--awb-width-large:75%;--awb-margin-top-large:-100px;--awb-spacing-right-large:2.56%;--awb-margin-bottom-large:20px;--awb-spacing-left-large:2.56%;--awb-width-medium:75%;--awb-order-medium:0;--awb-spacing-right-medium:2.56%;--awb-spacing-left-medium:2.56%;--awb-width-small:100%;--awb-order-small:0;--awb-spacing-right-small:1.92%;--awb-spacing-left-small:1.92%;\" data-scroll-devices=\"small-visibility,medium-visibility,large-visibility\"><div class=\"fusion-column-wrapper fusion-column-has-shadow fusion-flex-justify-content-flex-start fusion-content-layout-column\"><iframe src=\"https:\/\/player.vimeo.com\/video\/853024593?h=0e2ebf76d0&title=0&byline=0&portrait=0\" width=\"100%\" height=\"450\" frameborder=\"0\" allow=\"autoplay; fullscreen; picture-in-picture\" allowfullscreen=\"\"><\/iframe><\/div><\/div><\/div><\/div><div class=\"fusion-fullwidth fullwidth-box fusion-builder-row-4 fusion-flex-container has-pattern-background has-mask-background nonhundred-percent-fullwidth non-hundred-percent-height-scrolling fusion-no-medium-visibility fusion-no-large-visibility\" style=\"--awb-border-radius-top-left:0px;--awb-border-radius-top-right:0px;--awb-border-radius-bottom-right:0px;--awb-border-radius-bottom-left:0px;--awb-padding-bottom:60px;--awb-background-color:var(--awb-color6);--awb-flex-wrap:wrap;\" ><div class=\"fusion-builder-row fusion-row fusion-flex-align-items-flex-start fusion-flex-justify-content-center fusion-flex-content-wrap\" style=\"max-width:1248px;margin-left: calc(-4% \/ 2 );margin-right: calc(-4% \/ 2 );\"><div class=\"fusion-layout-column fusion_builder_column fusion-builder-column-3 fusion_builder_column_3_4 3_4 fusion-flex-column\" style=\"--awb-bg-size:cover;--awb-width-large:75%;--awb-margin-top-large:-50px;--awb-spacing-right-large:2.56%;--awb-margin-bottom-large:0px;--awb-spacing-left-large:2.56%;--awb-width-medium:75%;--awb-order-medium:0;--awb-spacing-right-medium:2.56%;--awb-spacing-left-medium:2.56%;--awb-width-small:100%;--awb-order-small:0;--awb-spacing-right-small:1.92%;--awb-spacing-left-small:1.92%;\" data-scroll-devices=\"small-visibility,medium-visibility,large-visibility\"><div class=\"fusion-column-wrapper fusion-column-has-shadow fusion-flex-justify-content-flex-start fusion-content-layout-column\"><iframe src=\"https:\/\/player.vimeo.com\/video\/853024593?h=0e2ebf76d0&title=0&byline=0&portrait=0\" width=\"100%\" height=\"175\" frameborder=\"0\" allow=\"autoplay; fullscreen; picture-in-picture\" allowfullscreen=\"\"><\/iframe><\/div><\/div><\/div><\/div><div class=\"fusion-fullwidth fullwidth-box fusion-builder-row-5 fusion-flex-container has-pattern-background has-mask-background nonhundred-percent-fullwidth non-hundred-percent-height-scrolling\" style=\"--awb-border-radius-top-left:0px;--awb-border-radius-top-right:0px;--awb-border-radius-bottom-right:0px;--awb-border-radius-bottom-left:0px;--awb-background-color:var(--awb-color5);--awb-flex-wrap:wrap;\" ><div class=\"fusion-builder-row fusion-row fusion-flex-align-items-center fusion-flex-justify-content-center fusion-flex-content-wrap\" style=\"max-width:1248px;margin-left: calc(-4% \/ 2 );margin-right: calc(-4% \/ 2 );\"><div class=\"fusion-layout-column fusion_builder_column fusion-builder-column-4 fusion_builder_column_3_4 3_4 fusion-flex-column\" style=\"--awb-bg-size:cover;--awb-width-large:75%;--awb-margin-top-large:0px;--awb-spacing-right-large:2.56%;--awb-margin-bottom-large:20px;--awb-spacing-left-large:2.56%;--awb-width-medium:75%;--awb-order-medium:0;--awb-spacing-right-medium:2.56%;--awb-spacing-left-medium:2.56%;--awb-width-small:100%;--awb-order-small:0;--awb-spacing-right-small:1.92%;--awb-spacing-left-small:1.92%;\"><div class=\"fusion-column-wrapper fusion-column-has-shadow fusion-flex-justify-content-flex-start fusion-content-layout-column\"><div class=\"fusion-separator fusion-full-width-sep\" style=\"align-self: center;margin-left: auto;margin-right: auto;margin-top:60px;width:100%;\"><\/div><div class=\"fusion-title title fusion-title-1 fusion-sep-none fusion-title-center fusion-title-text fusion-title-size-two\" style=\"--awb-margin-top-small:10px;--awb-margin-right-small:0px;--awb-margin-bottom-small:10px;--awb-margin-left-small:0px;\"><h2 class=\"fusion-title-heading title-heading-center fusion-responsive-typography-calculated\" style=\"margin:0;--fontSize:40;--minFontSize:40;line-height:var(--awb-typography1-line-height);\">\u00dcBER MEENK<\/h2><\/div><div class=\"fusion-text fusion-text-1 tmc\" style=\"--awb-content-alignment:justify;\"><p>Das Schenken von Geschenken steht seit Generationen f\u00fcr Verw\u00f6hnung. Seit 1900 stellen wir bei MEENK die k\u00f6stlichste Lakritze her. Und wir stellen nicht einfach nur Lakritze her, sondern durch unser Wissen, handwerkliches K\u00f6nnen und die Verwendung nur der besten Zutaten machen wir aus einem holl\u00e4ndischen Produkt ein luxuri\u00f6ses Erlebnis. Die k\u00f6stlichste Lakritze zum Verw\u00f6hnen. F\u00fcr andere, aber auch f\u00fcr sich selbst.<\/p>\n<\/div><div class=\"fusion-separator fusion-full-width-sep\" style=\"align-self: center;margin-left: auto;margin-right: auto;margin-top:60px;width:100%;\"><\/div><\/div><\/div><\/div><\/div><div class=\"fusion-fullwidth fullwidth-box fusion-builder-row-6 fusion-flex-container has-pattern-background has-mask-background fusion-parallax-none nonhundred-percent-fullwidth non-hundred-percent-height-scrolling\" style=\"--awb-border-radius-top-left:0px;--awb-border-radius-top-right:0px;--awb-border-radius-bottom-right:0px;--awb-border-radius-bottom-left:0px;--awb-background-image:url(&quot;https:\/\/meenkdrop.nl\/wp-content\/uploads\/2023\/08\/MEENK_DROPJES42311_2560px.jpg&quot;);--awb-background-size:cover;--awb-flex-wrap:wrap;\" ><div class=\"fusion-builder-row fusion-row fusion-flex-align-items-flex-start fusion-flex-content-wrap\" style=\"max-width:1248px;margin-left: calc(-4% \/ 2 );margin-right: calc(-4% \/ 2 );\"><div class=\"fusion-layout-column fusion_builder_column fusion-builder-column-5 fusion_builder_column_1_1 1_1 fusion-flex-column\" style=\"--awb-bg-size:cover;--awb-width-large:100%;--awb-margin-top-large:0px;--awb-spacing-right-large:1.92%;--awb-margin-bottom-large:20px;--awb-spacing-left-large:1.92%;--awb-width-medium:100%;--awb-order-medium:0;--awb-spacing-right-medium:1.92%;--awb-spacing-left-medium:1.92%;--awb-width-small:100%;--awb-order-small:0;--awb-spacing-right-small:1.92%;--awb-spacing-left-small:1.92%;\"><div class=\"fusion-column-wrapper fusion-column-has-shadow fusion-flex-justify-content-flex-start fusion-content-layout-column\"><div class=\"fusion-separator fusion-no-small-visibility fusion-full-width-sep\" style=\"align-self: center;margin-left: auto;margin-right: auto;margin-top:500px;width:100%;\"><\/div><div class=\"fusion-separator fusion-no-medium-visibility fusion-no-large-visibility fusion-full-width-sep\" style=\"align-self: center;margin-left: auto;margin-right: auto;margin-top:300px;width:100%;\"><\/div><div class=\"fusion-separator fusion-full-width-sep\" style=\"align-self: center;margin-left: auto;margin-right: auto;margin-top:40px;width:100%;\"><\/div><\/div><\/div><\/div><\/div><div class=\"fusion-fullwidth fullwidth-box fusion-builder-row-7 fusion-flex-container has-pattern-background has-mask-background nonhundred-percent-fullwidth non-hundred-percent-height-scrolling\" style=\"--awb-border-radius-top-left:0px;--awb-border-radius-top-right:0px;--awb-border-radius-bottom-right:0px;--awb-border-radius-bottom-left:0px;--awb-background-color:var(--awb-color5);--awb-flex-wrap:wrap;\" ><div class=\"fusion-builder-row fusion-row fusion-flex-align-items-center fusion-flex-justify-content-center fusion-flex-content-wrap\" style=\"max-width:1248px;margin-left: calc(-4% \/ 2 );margin-right: calc(-4% \/ 2 );\"><div class=\"fusion-layout-column fusion_builder_column fusion-builder-column-6 fusion_builder_column_3_4 3_4 fusion-flex-column\" style=\"--awb-bg-size:cover;--awb-width-large:75%;--awb-margin-top-large:0px;--awb-spacing-right-large:2.56%;--awb-margin-bottom-large:20px;--awb-spacing-left-large:2.56%;--awb-width-medium:75%;--awb-order-medium:0;--awb-spacing-right-medium:2.56%;--awb-spacing-left-medium:2.56%;--awb-width-small:100%;--awb-order-small:0;--awb-spacing-right-small:1.92%;--awb-spacing-left-small:1.92%;\"><div class=\"fusion-column-wrapper fusion-column-has-shadow fusion-flex-justify-content-flex-start fusion-content-layout-column\"><div class=\"fusion-separator fusion-full-width-sep\" style=\"align-self: center;margin-left: auto;margin-right: auto;margin-top:60px;width:100%;\"><\/div><div class=\"fusion-text fusion-text-2 tmc\" style=\"--awb-content-alignment:justify;\"><p>Um den Anfang von MEENK zu finden, m\u00fcssen wir zur\u00fcck in die fr\u00fchen 1800er Jahre gehen, als Herr J.B. Meenk als Arzt noch eigene Rezepte gegen Kopf-, Zahn- und Magenschmerzen herstellte. Nach seinem Tod kamen seine Rezepte in die H\u00e4nde von Herrn Braskamp, der im Jahr 1900 seine eigene pharmazeutische Fabrik gr\u00fcndete. Die Fabrik begann mit den speziellen Rezepten von Doktor Meenk zu arbeiten. Daraus entstand die Marke MEENK, die unter anderem Halsschmerztabletten und Pulver in Apotheken verkaufte.     <\/p>\n<p>Nun k\u00f6nnen wir uns vorstellen, dass Sie sich fragen, wo die Verbindung zwischen Medikamenten und den k\u00f6stlichen Lakritzen von heute liegt. Um 1920 beschloss die Fabrik, S\u00fc\u00dfigkeiten auf chemischer Basis herzustellen. Doch aufgrund des Mangels an chemischen Rohstoffen w\u00e4hrend des Zweiten Weltkriegs beschlossen sie, nur noch nat\u00fcrliche und pflanzliche Rohstoffe zu verwenden. Dies war der Anfang der k\u00f6stlichen Lakritzen, die Sie heute in \u00f6rtlichen Gesch\u00e4ften finden k\u00f6nnen. Diese neue Entwicklung erwies sich als so erfolgreich, dass sie beschlossen, nur noch nat\u00fcrliche und pflanzliche Rohstoffe zu verwenden. So reicht die Herkunft des Lakritz, das Sie heute probieren k\u00f6nnen, bereits \u00fcber 100 Jahre zur\u00fcck.      <\/p>\n<p>Inzwischen ist die Familie Van Vliet seit Jahren stolze Besitzerin der Marke MEENK und sorgt daf\u00fcr, dass die Qualit\u00e4t und die Verwendung der besten lokalen Rohstoffe gew\u00e4hrleistet bleiben. Au\u00dferdem wird die Lakritze von MEENK in den Niederlanden hergestellt, und sie halten an den traditionellen Herstellungsmethoden fest, die seit \u00fcber einem Jahrhundert Bestand haben. Van Vliet setzt die Innovationen von MEENK in der Lakritzproduktion fort, und so haben sie aus dem holl\u00e4ndischen Produkt ein luxuri\u00f6ses Erlebnis geschaffen.  <\/p>\n<p>Bei MEENK glauben wir, dass das Genie\u00dfen von S\u00fc\u00dfigkeiten eine Kunst f\u00fcr sich ist. Deshalb bem\u00fchen wir uns st\u00e4ndig, unsere einzigartige Auswahl an Lakritzen herzustellen. Unsere Lakritzexperten sorgen daf\u00fcr, dass die Lakritze mit Liebe zum Detail und der Pr\u00e4zision hergestellt wird, die nur echte Handwerker bieten k\u00f6nnen.<\/p>\n<\/div><div style=\"text-align:center;\"><a class=\"fusion-button button-flat fusion-button-default-size button-custom fusion-button-default button-1 fusion-button-default-span fusion-button-default-type\" style=\"--button_accent_color:var(--awb-color1);--button_accent_hover_color:var(--awb-color8);--button_border_hover_color:var(--awb-color1);--button-border-radius-top-left:0;--button-border-radius-top-right:0;--button-border-radius-bottom-right:0;--button-border-radius-bottom-left:0;--button_gradient_top_color:var(--awb-color8);--button_gradient_bottom_color:var(--awb-color8);--button_gradient_top_color_hover:var(--awb-color1);--button_gradient_bottom_color_hover:var(--awb-color1);--button_text_transform:uppercase;\" target=\"_self\" href=\"https:\/\/meenkdrop.nl\/de\/sortiment\/\"><span class=\"fusion-button-text awb-button__text awb-button__text--default\">Das Meenk Sortiment<\/span><\/a><\/div><div class=\"fusion-separator fusion-full-width-sep\" style=\"align-self: center;margin-left: auto;margin-right: auto;margin-top:60px;width:100%;\"><\/div><\/div><\/div><\/div><\/div><\/p>\n","protected":false},"excerpt":{"rendered":"","protected":false},"author":1,"featured_media":0,"parent":0,"menu_order":0,"comment_status":"closed","ping_status":"closed","template":"100-width.php","meta":{"footnotes":""},"class_list":["post-471","page","type-page","status-publish","hentry"],"yoast_head":"<!-- This site is optimized with the Yoast SEO plugin v27.3 - https:\/\/yoast.com\/product\/yoast-seo-wordpress\/ -->\n<title>\u00dcber Meenk - Meenk<\/title>\n<meta name=\"description\" content=\"Bei MEENK stellen wir seit 1900 das leckerste Lakritz her. Durch Wissen und die besten Zutaten verwandeln wir ein niederl\u00e4ndisches Produkt in ein luxuri\u00f6ses Erlebnis.\" \/>\n<meta name=\"robots\" content=\"index, follow, max-snippet:-1, max-image-preview:large, max-video-preview:-1\" \/>\n<link rel=\"canonical\" href=\"https:\/\/meenkdrop.nl\/de\/uber-meenk\/\" \/>\n<meta property=\"og:locale\" content=\"de_DE\" \/>\n<meta property=\"og:type\" content=\"article\" \/>\n<meta property=\"og:title\" content=\"\u00dcber Meenk - Meenk\" \/>\n<meta property=\"og:description\" content=\"Bei MEENK stellen wir seit 1900 das leckerste Lakritz her. Durch Wissen und die besten Zutaten verwandeln wir ein niederl\u00e4ndisches Produkt in ein luxuri\u00f6ses Erlebnis.\" \/>\n<meta property=\"og:url\" content=\"https:\/\/meenkdrop.nl\/de\/uber-meenk\/\" \/>\n<meta property=\"og:site_name\" content=\"Meenk\" \/>\n<meta property=\"article:modified_time\" content=\"2023-11-07T08:48:33+00:00\" \/>\n<meta name=\"twitter:card\" content=\"summary_large_image\" \/>\n<meta name=\"twitter:label1\" content=\"Gesch\u00e4tzte Lesezeit\" \/>\n\t<meta name=\"twitter:data1\" content=\"44\u00a0Minuten\" \/>\n<script type=\"application\/ld+json\" class=\"yoast-schema-graph\">{\"@context\":\"https:\\\/\\\/schema.org\",\"@graph\":[{\"@type\":\"WebPage\",\"@id\":\"https:\\\/\\\/meenkdrop.nl\\\/de\\\/uber-meenk\\\/\",\"url\":\"https:\\\/\\\/meenkdrop.nl\\\/de\\\/uber-meenk\\\/\",\"name\":\"\u00dcber Meenk - Meenk\",\"isPartOf\":{\"@id\":\"https:\\\/\\\/meenkdrop.nl\\\/#website\"},\"datePublished\":\"2023-07-17T07:17:21+00:00\",\"dateModified\":\"2023-11-07T08:48:33+00:00\",\"description\":\"Bei MEENK stellen wir seit 1900 das leckerste Lakritz her. Durch Wissen und die besten Zutaten verwandeln wir ein niederl\u00e4ndisches Produkt in ein luxuri\u00f6ses Erlebnis.\",\"breadcrumb\":{\"@id\":\"https:\\\/\\\/meenkdrop.nl\\\/de\\\/uber-meenk\\\/#breadcrumb\"},\"inLanguage\":\"de\",\"potentialAction\":[{\"@type\":\"ReadAction\",\"target\":[\"https:\\\/\\\/meenkdrop.nl\\\/de\\\/uber-meenk\\\/\"]}]},{\"@type\":\"BreadcrumbList\",\"@id\":\"https:\\\/\\\/meenkdrop.nl\\\/de\\\/uber-meenk\\\/#breadcrumb\",\"itemListElement\":[{\"@type\":\"ListItem\",\"position\":1,\"name\":\"Home\",\"item\":\"https:\\\/\\\/meenkdrop.nl\\\/de\\\/home\\\/\"},{\"@type\":\"ListItem\",\"position\":2,\"name\":\"\u00dcber Meenk\"}]},{\"@type\":\"WebSite\",\"@id\":\"https:\\\/\\\/meenkdrop.nl\\\/#website\",\"url\":\"https:\\\/\\\/meenkdrop.nl\\\/\",\"name\":\"Meenk\",\"description\":\"\",\"potentialAction\":[{\"@type\":\"SearchAction\",\"target\":{\"@type\":\"EntryPoint\",\"urlTemplate\":\"https:\\\/\\\/meenkdrop.nl\\\/?s={search_term_string}\"},\"query-input\":{\"@type\":\"PropertyValueSpecification\",\"valueRequired\":true,\"valueName\":\"search_term_string\"}}],\"inLanguage\":\"de\"}]}<\/script>\n<!-- \/ Yoast SEO plugin. -->","yoast_head_json":{"title":"\u00dcber Meenk - Meenk","description":"Bei MEENK stellen wir seit 1900 das leckerste Lakritz her. Durch Wissen und die besten Zutaten verwandeln wir ein niederl\u00e4ndisches Produkt in ein luxuri\u00f6ses Erlebnis.","robots":{"index":"index","follow":"follow","max-snippet":"max-snippet:-1","max-image-preview":"max-image-preview:large","max-video-preview":"max-video-preview:-1"},"canonical":"https:\/\/meenkdrop.nl\/de\/uber-meenk\/","og_locale":"de_DE","og_type":"article","og_title":"\u00dcber Meenk - Meenk","og_description":"Bei MEENK stellen wir seit 1900 das leckerste Lakritz her. Durch Wissen und die besten Zutaten verwandeln wir ein niederl\u00e4ndisches Produkt in ein luxuri\u00f6ses Erlebnis.","og_url":"https:\/\/meenkdrop.nl\/de\/uber-meenk\/","og_site_name":"Meenk","article_modified_time":"2023-11-07T08:48:33+00:00","twitter_card":"summary_large_image","twitter_misc":{"Gesch\u00e4tzte Lesezeit":"44\u00a0Minuten"},"schema":{"@context":"https:\/\/schema.org","@graph":[{"@type":"WebPage","@id":"https:\/\/meenkdrop.nl\/de\/uber-meenk\/","url":"https:\/\/meenkdrop.nl\/de\/uber-meenk\/","name":"\u00dcber Meenk - Meenk","isPartOf":{"@id":"https:\/\/meenkdrop.nl\/#website"},"datePublished":"2023-07-17T07:17:21+00:00","dateModified":"2023-11-07T08:48:33+00:00","description":"Bei MEENK stellen wir seit 1900 das leckerste Lakritz her. Durch Wissen und die besten Zutaten verwandeln wir ein niederl\u00e4ndisches Produkt in ein luxuri\u00f6ses Erlebnis.","breadcrumb":{"@id":"https:\/\/meenkdrop.nl\/de\/uber-meenk\/#breadcrumb"},"inLanguage":"de","potentialAction":[{"@type":"ReadAction","target":["https:\/\/meenkdrop.nl\/de\/uber-meenk\/"]}]},{"@type":"BreadcrumbList","@id":"https:\/\/meenkdrop.nl\/de\/uber-meenk\/#breadcrumb","itemListElement":[{"@type":"ListItem","position":1,"name":"Home","item":"https:\/\/meenkdrop.nl\/de\/home\/"},{"@type":"ListItem","position":2,"name":"\u00dcber Meenk"}]},{"@type":"WebSite","@id":"https:\/\/meenkdrop.nl\/#website","url":"https:\/\/meenkdrop.nl\/","name":"Meenk","description":"","potentialAction":[{"@type":"SearchAction","target":{"@type":"EntryPoint","urlTemplate":"https:\/\/meenkdrop.nl\/?s={search_term_string}"},"query-input":{"@type":"PropertyValueSpecification","valueRequired":true,"valueName":"search_term_string"}}],"inLanguage":"de"}]}},"_links":{"self":[{"href":"https:\/\/meenkdrop.nl\/de\/wp-json\/wp\/v2\/pages\/471","targetHints":{"allow":["GET"]}}],"collection":[{"href":"https:\/\/meenkdrop.nl\/de\/wp-json\/wp\/v2\/pages"}],"about":[{"href":"https:\/\/meenkdrop.nl\/de\/wp-json\/wp\/v2\/types\/page"}],"author":[{"embeddable":true,"href":"https:\/\/meenkdrop.nl\/de\/wp-json\/wp\/v2\/users\/1"}],"replies":[{"embeddable":true,"href":"https:\/\/meenkdrop.nl\/de\/wp-json\/wp\/v2\/comments?post=471"}],"version-history":[{"count":8,"href":"https:\/\/meenkdrop.nl\/de\/wp-json\/wp\/v2\/pages\/471\/revisions"}],"predecessor-version":[{"id":578,"href":"https:\/\/meenkdrop.nl\/de\/wp-json\/wp\/v2\/pages\/471\/revisions\/578"}],"wp:attachment":[{"href":"https:\/\/meenkdrop.nl\/de\/wp-json\/wp\/v2\/media?parent=471"}],"curies":[{"name":"wp","href":"https:\/\/api.w.org\/{rel}","templated":true}]}}