{"id":461,"date":"2023-07-17T07:51:53","date_gmt":"2023-07-17T07:51:53","guid":{"rendered":"https:\/\/meenkdrop.nl\/interesse-als-shop\/"},"modified":"2023-11-07T08:50:09","modified_gmt":"2023-11-07T08:50:09","slug":"interesse-als-shop","status":"publish","type":"page","link":"https:\/\/meenkdrop.nl\/de\/interesse-als-shop\/","title":{"rendered":"Interesse als Shop?"},"content":{"rendered":"<p><div class=\"fusion-fullwidth fullwidth-box fusion-builder-row-1 fusion-flex-container has-pattern-background has-mask-background fusion-parallax-none nonhundred-percent-fullwidth non-hundred-percent-height-scrolling\" style=\"--awb-border-radius-top-left:0px;--awb-border-radius-top-right:0px;--awb-border-radius-bottom-right:0px;--awb-border-radius-bottom-left:0px;--awb-background-image:url(&quot;https:\/\/meenkdrop.nl\/wp-content\/uploads\/2023\/08\/MEENK_DROPJES41114.webp&quot;);--awb-background-size:cover;--awb-flex-wrap:wrap;\" ><div class=\"fusion-builder-row fusion-row fusion-flex-align-items-flex-start fusion-flex-content-wrap\" style=\"max-width:1248px;margin-left: calc(-4% \/ 2 );margin-right: calc(-4% \/ 2 );\"><div class=\"fusion-layout-column fusion_builder_column fusion-builder-column-0 fusion_builder_column_1_1 1_1 fusion-flex-column\" style=\"--awb-bg-size:cover;--awb-width-large:100%;--awb-margin-top-large:0px;--awb-spacing-right-large:1.92%;--awb-margin-bottom-large:0px;--awb-spacing-left-large:1.92%;--awb-width-medium:100%;--awb-order-medium:0;--awb-spacing-right-medium:1.92%;--awb-spacing-left-medium:1.92%;--awb-width-small:100%;--awb-order-small:0;--awb-spacing-right-small:1.92%;--awb-spacing-left-small:1.92%;\" data-scroll-devices=\"small-visibility,medium-visibility,large-visibility\"><div class=\"fusion-column-wrapper fusion-column-has-shadow fusion-flex-justify-content-flex-start fusion-content-layout-column\"><div class=\"fusion-separator fusion-no-small-visibility fusion-full-width-sep\" style=\"align-self: center;margin-left: auto;margin-right: auto;margin-top:600px;width:100%;\"><\/div><div class=\"fusion-separator fusion-no-medium-visibility fusion-no-large-visibility fusion-full-width-sep\" style=\"align-self: center;margin-left: auto;margin-right: auto;margin-top:375px;width:100%;\"><\/div><\/div><\/div><\/div><\/div><div class=\"fusion-fullwidth fullwidth-box fusion-builder-row-2 fusion-flex-container has-pattern-background has-mask-background nonhundred-percent-fullwidth non-hundred-percent-height-scrolling\" style=\"--awb-border-radius-top-left:0px;--awb-border-radius-top-right:0px;--awb-border-radius-bottom-right:0px;--awb-border-radius-bottom-left:0px;--awb-background-color:var(--awb-color5);--awb-flex-wrap:wrap;\" ><div class=\"fusion-builder-row fusion-row fusion-flex-align-items-center fusion-flex-justify-content-center fusion-flex-content-wrap\" style=\"max-width:1248px;margin-left: calc(-4% \/ 2 );margin-right: calc(-4% \/ 2 );\"><div class=\"fusion-layout-column fusion_builder_column fusion-builder-column-1 fusion_builder_column_3_4 3_4 fusion-flex-column\" style=\"--awb-bg-size:cover;--awb-width-large:75%;--awb-margin-top-large:0px;--awb-spacing-right-large:2.56%;--awb-margin-bottom-large:20px;--awb-spacing-left-large:2.56%;--awb-width-medium:75%;--awb-order-medium:0;--awb-spacing-right-medium:2.56%;--awb-spacing-left-medium:2.56%;--awb-width-small:100%;--awb-order-small:0;--awb-spacing-right-small:1.92%;--awb-spacing-left-small:1.92%;\"><div class=\"fusion-column-wrapper fusion-column-has-shadow fusion-flex-justify-content-flex-start fusion-content-layout-column\"><div class=\"fusion-separator fusion-full-width-sep\" style=\"align-self: center;margin-left: auto;margin-right: auto;margin-top:60px;width:100%;\"><\/div><div class=\"fusion-title title fusion-title-1 fusion-sep-none fusion-title-center fusion-title-text fusion-title-size-one\" style=\"--awb-margin-top-small:10px;--awb-margin-right-small:0px;--awb-margin-bottom-small:10px;--awb-margin-left-small:0px;\"><h1 class=\"fusion-title-heading title-heading-center fusion-responsive-typography-calculated\" style=\"margin:0;text-transform:uppercase;--fontSize:40;--minFontSize:40;line-height:var(--awb-typography1-line-height);\">Interesse als Shop?<\/h1><\/div><div class=\"fusion-text fusion-text-1 tmc azwart\" style=\"--awb-content-alignment:justify;\"><p>MEENK in deinem Gesch\u00e4ft verkaufen? Das ist nat\u00fcrlich m\u00f6glich. Kontaktieren Sie <a href=\"https:\/\/webstore.van-vliet.com\/profile\/login\" target=\"_blank\" rel=\"noopener\"><strong>uns<\/strong><\/a> oder fragen Sie danach bei unserer deutschen Agentur.<\/p>\n<\/div><div style=\"text-align:center;\"><a class=\"fusion-button button-flat fusion-button-default-size button-custom fusion-button-default button-1 fusion-button-default-span fusion-button-default-type\" style=\"--button_accent_color:var(--awb-color1);--button_accent_hover_color:var(--awb-color8);--button_border_hover_color:var(--awb-color1);--button-border-radius-top-left:0;--button-border-radius-top-right:0;--button-border-radius-bottom-right:0;--button-border-radius-bottom-left:0;--button_gradient_top_color:var(--awb-color8);--button_gradient_bottom_color:var(--awb-color8);--button_gradient_top_color_hover:var(--awb-color1);--button_gradient_bottom_color_hover:var(--awb-color1);--button_text_transform:uppercase;\" target=\"_self\" href=\"https:\/\/meenkdrop.nl\/de\/kontakt\/\"><span class=\"fusion-button-text awb-button__text awb-button__text--default\">Kontaktieren Sie uns.<\/span><\/a><\/div><div class=\"fusion-separator fusion-full-width-sep\" style=\"align-self: center;margin-left: auto;margin-right: auto;margin-top:60px;width:100%;\"><\/div><\/div><\/div><\/div><\/div><\/p>\n","protected":false},"excerpt":{"rendered":"","protected":false},"author":1,"featured_media":0,"parent":0,"menu_order":0,"comment_status":"closed","ping_status":"closed","template":"100-width.php","meta":{"footnotes":""},"class_list":["post-461","page","type-page","status-publish","hentry"],"yoast_head":"<!-- This site is optimized with the Yoast SEO plugin v27.3 - https:\/\/yoast.com\/product\/yoast-seo-wordpress\/ -->\n<title>Interesse als Shop? - Meenk<\/title>\n<meta name=\"description\" content=\"MEENK in deinem Gesch\u00e4ft verkaufen? Das ist nat\u00fcrlich m\u00f6glich. Kontaktieren Sie uns oder fragen Sie danach bei unserer deutschen Agentur.\" \/>\n<meta name=\"robots\" content=\"index, follow, max-snippet:-1, max-image-preview:large, max-video-preview:-1\" \/>\n<link rel=\"canonical\" href=\"https:\/\/meenkdrop.nl\/de\/interesse-als-shop\/\" \/>\n<meta property=\"og:locale\" content=\"de_DE\" \/>\n<meta property=\"og:type\" content=\"article\" \/>\n<meta property=\"og:title\" content=\"Interesse als Shop? - Meenk\" \/>\n<meta property=\"og:description\" content=\"MEENK in deinem Gesch\u00e4ft verkaufen? Das ist nat\u00fcrlich m\u00f6glich. Kontaktieren Sie uns oder fragen Sie danach bei unserer deutschen Agentur.\" \/>\n<meta property=\"og:url\" content=\"https:\/\/meenkdrop.nl\/de\/interesse-als-shop\/\" \/>\n<meta property=\"og:site_name\" content=\"Meenk\" \/>\n<meta property=\"article:modified_time\" content=\"2023-11-07T08:50:09+00:00\" \/>\n<meta name=\"twitter:card\" content=\"summary_large_image\" \/>\n<meta name=\"twitter:label1\" content=\"Gesch\u00e4tzte Lesezeit\" \/>\n\t<meta name=\"twitter:data1\" content=\"13\u00a0Minuten\" \/>\n<script type=\"application\/ld+json\" class=\"yoast-schema-graph\">{\"@context\":\"https:\\\/\\\/schema.org\",\"@graph\":[{\"@type\":\"WebPage\",\"@id\":\"https:\\\/\\\/meenkdrop.nl\\\/de\\\/interesse-als-shop\\\/\",\"url\":\"https:\\\/\\\/meenkdrop.nl\\\/de\\\/interesse-als-shop\\\/\",\"name\":\"Interesse als Shop? - Meenk\",\"isPartOf\":{\"@id\":\"https:\\\/\\\/meenkdrop.nl\\\/#website\"},\"datePublished\":\"2023-07-17T07:51:53+00:00\",\"dateModified\":\"2023-11-07T08:50:09+00:00\",\"description\":\"MEENK in deinem Gesch\u00e4ft verkaufen? Das ist nat\u00fcrlich m\u00f6glich. Kontaktieren Sie uns oder fragen Sie danach bei unserer deutschen Agentur.\",\"breadcrumb\":{\"@id\":\"https:\\\/\\\/meenkdrop.nl\\\/de\\\/interesse-als-shop\\\/#breadcrumb\"},\"inLanguage\":\"de\",\"potentialAction\":[{\"@type\":\"ReadAction\",\"target\":[\"https:\\\/\\\/meenkdrop.nl\\\/de\\\/interesse-als-shop\\\/\"]}]},{\"@type\":\"BreadcrumbList\",\"@id\":\"https:\\\/\\\/meenkdrop.nl\\\/de\\\/interesse-als-shop\\\/#breadcrumb\",\"itemListElement\":[{\"@type\":\"ListItem\",\"position\":1,\"name\":\"Home\",\"item\":\"https:\\\/\\\/meenkdrop.nl\\\/de\\\/home\\\/\"},{\"@type\":\"ListItem\",\"position\":2,\"name\":\"Interesse als Shop?\"}]},{\"@type\":\"WebSite\",\"@id\":\"https:\\\/\\\/meenkdrop.nl\\\/#website\",\"url\":\"https:\\\/\\\/meenkdrop.nl\\\/\",\"name\":\"Meenk\",\"description\":\"\",\"potentialAction\":[{\"@type\":\"SearchAction\",\"target\":{\"@type\":\"EntryPoint\",\"urlTemplate\":\"https:\\\/\\\/meenkdrop.nl\\\/?s={search_term_string}\"},\"query-input\":{\"@type\":\"PropertyValueSpecification\",\"valueRequired\":true,\"valueName\":\"search_term_string\"}}],\"inLanguage\":\"de\"}]}<\/script>\n<!-- \/ Yoast SEO plugin. -->","yoast_head_json":{"title":"Interesse als Shop? - Meenk","description":"MEENK in deinem Gesch\u00e4ft verkaufen? Das ist nat\u00fcrlich m\u00f6glich. Kontaktieren Sie uns oder fragen Sie danach bei unserer deutschen Agentur.","robots":{"index":"index","follow":"follow","max-snippet":"max-snippet:-1","max-image-preview":"max-image-preview:large","max-video-preview":"max-video-preview:-1"},"canonical":"https:\/\/meenkdrop.nl\/de\/interesse-als-shop\/","og_locale":"de_DE","og_type":"article","og_title":"Interesse als Shop? - Meenk","og_description":"MEENK in deinem Gesch\u00e4ft verkaufen? Das ist nat\u00fcrlich m\u00f6glich. Kontaktieren Sie uns oder fragen Sie danach bei unserer deutschen Agentur.","og_url":"https:\/\/meenkdrop.nl\/de\/interesse-als-shop\/","og_site_name":"Meenk","article_modified_time":"2023-11-07T08:50:09+00:00","twitter_card":"summary_large_image","twitter_misc":{"Gesch\u00e4tzte Lesezeit":"13\u00a0Minuten"},"schema":{"@context":"https:\/\/schema.org","@graph":[{"@type":"WebPage","@id":"https:\/\/meenkdrop.nl\/de\/interesse-als-shop\/","url":"https:\/\/meenkdrop.nl\/de\/interesse-als-shop\/","name":"Interesse als Shop? - Meenk","isPartOf":{"@id":"https:\/\/meenkdrop.nl\/#website"},"datePublished":"2023-07-17T07:51:53+00:00","dateModified":"2023-11-07T08:50:09+00:00","description":"MEENK in deinem Gesch\u00e4ft verkaufen? Das ist nat\u00fcrlich m\u00f6glich. Kontaktieren Sie uns oder fragen Sie danach bei unserer deutschen Agentur.","breadcrumb":{"@id":"https:\/\/meenkdrop.nl\/de\/interesse-als-shop\/#breadcrumb"},"inLanguage":"de","potentialAction":[{"@type":"ReadAction","target":["https:\/\/meenkdrop.nl\/de\/interesse-als-shop\/"]}]},{"@type":"BreadcrumbList","@id":"https:\/\/meenkdrop.nl\/de\/interesse-als-shop\/#breadcrumb","itemListElement":[{"@type":"ListItem","position":1,"name":"Home","item":"https:\/\/meenkdrop.nl\/de\/home\/"},{"@type":"ListItem","position":2,"name":"Interesse als Shop?"}]},{"@type":"WebSite","@id":"https:\/\/meenkdrop.nl\/#website","url":"https:\/\/meenkdrop.nl\/","name":"Meenk","description":"","potentialAction":[{"@type":"SearchAction","target":{"@type":"EntryPoint","urlTemplate":"https:\/\/meenkdrop.nl\/?s={search_term_string}"},"query-input":{"@type":"PropertyValueSpecification","valueRequired":true,"valueName":"search_term_string"}}],"inLanguage":"de"}]}},"_links":{"self":[{"href":"https:\/\/meenkdrop.nl\/de\/wp-json\/wp\/v2\/pages\/461","targetHints":{"allow":["GET"]}}],"collection":[{"href":"https:\/\/meenkdrop.nl\/de\/wp-json\/wp\/v2\/pages"}],"about":[{"href":"https:\/\/meenkdrop.nl\/de\/wp-json\/wp\/v2\/types\/page"}],"author":[{"embeddable":true,"href":"https:\/\/meenkdrop.nl\/de\/wp-json\/wp\/v2\/users\/1"}],"replies":[{"embeddable":true,"href":"https:\/\/meenkdrop.nl\/de\/wp-json\/wp\/v2\/comments?post=461"}],"version-history":[{"count":5,"href":"https:\/\/meenkdrop.nl\/de\/wp-json\/wp\/v2\/pages\/461\/revisions"}],"predecessor-version":[{"id":590,"href":"https:\/\/meenkdrop.nl\/de\/wp-json\/wp\/v2\/pages\/461\/revisions\/590"}],"wp:attachment":[{"href":"https:\/\/meenkdrop.nl\/de\/wp-json\/wp\/v2\/media?parent=461"}],"curies":[{"name":"wp","href":"https:\/\/api.w.org\/{rel}","templated":true}]}}