{"id":430,"date":"2023-07-17T07:27:18","date_gmt":"2023-07-17T07:27:18","guid":{"rendered":"https:\/\/meenkdrop.nl\/sortiment\/"},"modified":"2023-11-07T08:54:38","modified_gmt":"2023-11-07T08:54:38","slug":"sortiment","status":"publish","type":"page","link":"https:\/\/meenkdrop.nl\/de\/sortiment\/","title":{"rendered":"Sortiment"},"content":{"rendered":"<p><div class=\"fusion-fullwidth fullwidth-box fusion-builder-row-1 fusion-flex-container has-pattern-background has-mask-background fusion-parallax-none nonhundred-percent-fullwidth non-hundred-percent-height-scrolling\" style=\"--awb-border-radius-top-left:0px;--awb-border-radius-top-right:0px;--awb-border-radius-bottom-right:0px;--awb-border-radius-bottom-left:0px;--awb-background-image:url(&quot;https:\/\/meenkdrop.nl\/wp-content\/uploads\/2023\/08\/MEENK_DROPJES41824g_bew_2560px.jpg&quot;);--awb-background-image-small:url(&#039;https:\/\/meenkdrop.nl\/wp-content\/uploads\/2023\/08\/MEENK_DROPJES41824g_2560px-1024x768.jpg&#039;);--awb-background-size:cover;--awb-flex-wrap:wrap;\" ><div class=\"fusion-builder-row fusion-row fusion-flex-align-items-flex-start fusion-flex-content-wrap\" style=\"max-width:1248px;margin-left: calc(-4% \/ 2 );margin-right: calc(-4% \/ 2 );\"><div class=\"fusion-layout-column fusion_builder_column fusion-builder-column-0 fusion_builder_column_1_1 1_1 fusion-flex-column\" style=\"--awb-bg-size:cover;--awb-width-large:100%;--awb-margin-top-large:0px;--awb-spacing-right-large:1.92%;--awb-margin-bottom-large:0px;--awb-spacing-left-large:1.92%;--awb-width-medium:100%;--awb-order-medium:0;--awb-spacing-right-medium:1.92%;--awb-spacing-left-medium:1.92%;--awb-width-small:100%;--awb-order-small:0;--awb-spacing-right-small:1.92%;--awb-spacing-left-small:1.92%;\" data-scroll-devices=\"small-visibility,medium-visibility,large-visibility\"><div class=\"fusion-column-wrapper fusion-column-has-shadow fusion-flex-justify-content-flex-start fusion-content-layout-column\"><div class=\"fusion-separator fusion-no-small-visibility fusion-full-width-sep\" style=\"align-self: center;margin-left: auto;margin-right: auto;margin-top:600px;width:100%;\"><\/div><div class=\"fusion-separator fusion-no-medium-visibility fusion-no-large-visibility fusion-full-width-sep\" style=\"align-self: center;margin-left: auto;margin-right: auto;margin-top:375px;width:100%;\"><\/div><\/div><\/div><\/div><\/div><div class=\"fusion-fullwidth fullwidth-box fusion-builder-row-2 fusion-flex-container has-pattern-background has-mask-background nonhundred-percent-fullwidth non-hundred-percent-height-scrolling\" style=\"--awb-border-radius-top-left:0px;--awb-border-radius-top-right:0px;--awb-border-radius-bottom-right:0px;--awb-border-radius-bottom-left:0px;--awb-background-color:var(--awb-color5);--awb-flex-wrap:wrap;\" ><div class=\"fusion-builder-row fusion-row fusion-flex-align-items-center fusion-flex-justify-content-center fusion-flex-content-wrap\" style=\"max-width:1248px;margin-left: calc(-4% \/ 2 );margin-right: calc(-4% \/ 2 );\"><div class=\"fusion-layout-column fusion_builder_column fusion-builder-column-1 fusion_builder_column_3_4 3_4 fusion-flex-column\" style=\"--awb-bg-size:cover;--awb-width-large:75%;--awb-margin-top-large:0px;--awb-spacing-right-large:2.56%;--awb-margin-bottom-large:20px;--awb-spacing-left-large:2.56%;--awb-width-medium:75%;--awb-order-medium:0;--awb-spacing-right-medium:2.56%;--awb-spacing-left-medium:2.56%;--awb-width-small:100%;--awb-order-small:0;--awb-spacing-right-small:1.92%;--awb-spacing-left-small:1.92%;\"><div class=\"fusion-column-wrapper fusion-column-has-shadow fusion-flex-justify-content-flex-start fusion-content-layout-column\"><div class=\"fusion-separator fusion-full-width-sep\" style=\"align-self: center;margin-left: auto;margin-right: auto;margin-top:60px;width:100%;\"><\/div><div class=\"fusion-title title fusion-title-1 fusion-sep-none fusion-title-center fusion-title-text fusion-title-size-one\" style=\"--awb-margin-top-small:10px;--awb-margin-right-small:0px;--awb-margin-bottom-small:10px;--awb-margin-left-small:0px;\"><h1 class=\"fusion-title-heading title-heading-center fusion-responsive-typography-calculated\" style=\"margin:0;text-transform:uppercase;--fontSize:40;--minFontSize:40;line-height:var(--awb-typography1-line-height);\">Sortiment<\/h1><\/div><div class=\"fusion-text fusion-text-1 tmc\" style=\"--awb-content-alignment:justify;\"><p>MEENK ist das k\u00f6stlichste Lakritz, das man verschenken kann. Nicht nur an andere, sondern auch an sich selbst. Bei MEENK bieten wir eine umfangreiche Auswahl. Es ist f\u00fcr jeden etwas dabei. Ob Sie nun auf s\u00fc\u00dfes oder salziges Lakritz stehen, wir haben garantiert Lakritz, das Ihnen schmecken wird. K\u00f6nnen Sie sich nicht entscheiden? Neben unseren einzeln verpackten T\u00fcten haben wir auch wundersch\u00f6ne Geschenkverpackungen. So k\u00f6nnen Sie oder der gl\u00fcckliche Empf\u00e4nger verschiedene Arten von Lakritz genie\u00dfen und herausfinden, welches Ihr Favorit ist.       <\/p>\n<p>Ob Sie ein Genie\u00dfer sind, der nach dem ultimativen Geschmackserlebnis sucht, oder ein Liebhaber von Lakritz, die luxuri\u00f6sen Lakritz von MEENK sind da, um Sie zu verw\u00f6hnen und in eine Welt geschmackvollen \u00dcberflusses eintauchen zu lassen. Genie\u00dfen Sie das luxuri\u00f6se Lakritzerlebnis, das nur MEENK bieten kann, und entdecken Sie die k\u00f6stlichen Aromen, die Ihre Sinne verzaubern und die Vorfreude auf das n\u00e4chste Lakritz wecken werden.<\/p>\n<\/div><div style=\"text-align:center;\"><a class=\"fusion-button button-flat fusion-button-default-size button-custom fusion-button-default button-1 fusion-button-default-span fusion-button-default-type\" style=\"--button_accent_color:var(--awb-color1);--button_accent_hover_color:var(--awb-color8);--button_border_hover_color:var(--awb-color1);--button-border-radius-top-left:0;--button-border-radius-top-right:0;--button-border-radius-bottom-right:0;--button-border-radius-bottom-left:0;--button_gradient_top_color:var(--awb-color8);--button_gradient_bottom_color:var(--awb-color8);--button_gradient_top_color_hover:var(--awb-color1);--button_gradient_bottom_color_hover:var(--awb-color1);--button_text_transform:uppercase;\" target=\"_self\" href=\"https:\/\/meenkdrop.nl\/de\/uber-meenk\/\"><span class=\"fusion-button-text awb-button__text awb-button__text--default\">\u00dcBER MEENK<\/span><\/a><\/div><div class=\"fusion-separator fusion-full-width-sep\" style=\"align-self: center;margin-left: auto;margin-right: auto;margin-top:60px;width:100%;\"><\/div><\/div><\/div><\/div><\/div><div class=\"fusion-fullwidth fullwidth-box fusion-builder-row-3 fusion-flex-container has-pattern-background has-mask-background fusion-parallax-none nonhundred-percent-fullwidth non-hundred-percent-height-scrolling\" style=\"--awb-border-radius-top-left:0px;--awb-border-radius-top-right:0px;--awb-border-radius-bottom-right:0px;--awb-border-radius-bottom-left:0px;--awb-background-image:url(&quot;https:\/\/meenkdrop.nl\/wp-content\/uploads\/2023\/08\/MEENK_DROPJES42469.webp&quot;);--awb-background-size:cover;--awb-flex-wrap:wrap;\" ><div class=\"fusion-builder-row fusion-row fusion-flex-align-items-flex-start fusion-flex-content-wrap\" style=\"max-width:1248px;margin-left: calc(-4% \/ 2 );margin-right: calc(-4% \/ 2 );\"><div class=\"fusion-layout-column fusion_builder_column fusion-builder-column-2 fusion_builder_column_1_1 1_1 fusion-flex-column\" style=\"--awb-bg-size:cover;--awb-width-large:100%;--awb-margin-top-large:0px;--awb-spacing-right-large:1.92%;--awb-margin-bottom-large:20px;--awb-spacing-left-large:1.92%;--awb-width-medium:100%;--awb-order-medium:0;--awb-spacing-right-medium:1.92%;--awb-spacing-left-medium:1.92%;--awb-width-small:100%;--awb-order-small:0;--awb-spacing-right-small:1.92%;--awb-spacing-left-small:1.92%;\"><div class=\"fusion-column-wrapper fusion-column-has-shadow fusion-flex-justify-content-flex-start fusion-content-layout-column\"><div class=\"fusion-separator fusion-no-small-visibility fusion-full-width-sep\" style=\"align-self: center;margin-left: auto;margin-right: auto;margin-top:650px;width:100%;\"><\/div><div class=\"fusion-separator fusion-no-medium-visibility fusion-no-large-visibility fusion-full-width-sep\" style=\"align-self: center;margin-left: auto;margin-right: auto;margin-top:350px;width:100%;\"><\/div><\/div><\/div><\/div><\/div><div class=\"fusion-fullwidth fullwidth-box fusion-builder-row-4 fusion-flex-container has-pattern-background has-mask-background fusion-parallax-none nonhundred-percent-fullwidth non-hundred-percent-height-scrolling\" style=\"--awb-border-radius-top-left:0px;--awb-border-radius-top-right:0px;--awb-border-radius-bottom-right:0px;--awb-border-radius-bottom-left:0px;--awb-background-image:url(&quot;https:\/\/meenkdrop.nl\/wp-content\/uploads\/2023\/10\/MEENK_DROPJES42353_edt.webp&quot;);--awb-background-size:cover;--awb-flex-wrap:wrap;\" ><div class=\"fusion-builder-row fusion-row fusion-flex-align-items-flex-start fusion-flex-content-wrap\" style=\"max-width:1248px;margin-left: calc(-4% \/ 2 );margin-right: calc(-4% \/ 2 );\"><div class=\"fusion-layout-column fusion_builder_column fusion-builder-column-3 fusion_builder_column_1_1 1_1 fusion-flex-column\" style=\"--awb-bg-size:cover;--awb-width-large:100%;--awb-margin-top-large:0px;--awb-spacing-right-large:1.92%;--awb-margin-bottom-large:20px;--awb-spacing-left-large:1.92%;--awb-width-medium:100%;--awb-order-medium:0;--awb-spacing-right-medium:1.92%;--awb-spacing-left-medium:1.92%;--awb-width-small:100%;--awb-order-small:0;--awb-spacing-right-small:1.92%;--awb-spacing-left-small:1.92%;\"><div class=\"fusion-column-wrapper fusion-column-has-shadow fusion-flex-justify-content-flex-start fusion-content-layout-column\"><div class=\"fusion-separator fusion-no-small-visibility fusion-full-width-sep\" style=\"align-self: center;margin-left: auto;margin-right: auto;margin-top:650px;width:100%;\"><\/div><div class=\"fusion-separator fusion-no-medium-visibility fusion-no-large-visibility fusion-full-width-sep\" style=\"align-self: center;margin-left: auto;margin-right: auto;margin-top:350px;width:100%;\"><\/div><\/div><\/div><\/div><\/div><\/p>\n","protected":false},"excerpt":{"rendered":"","protected":false},"author":1,"featured_media":0,"parent":0,"menu_order":0,"comment_status":"closed","ping_status":"closed","template":"100-width.php","meta":{"footnotes":""},"class_list":["post-430","page","type-page","status-publish","hentry"],"yoast_head":"<!-- This site is optimized with the Yoast SEO plugin v27.3 - https:\/\/yoast.com\/product\/yoast-seo-wordpress\/ -->\n<title>Sortiment - Meenk<\/title>\n<meta name=\"description\" content=\"Bei MEENK bieten wir eine umfangreiche Auswahl. Ob Sie nun auf s\u00fc\u00dfes oder salziges Lakritz stehen, wir haben garantiert Lakritz, das Ihnen schmecken wird\" \/>\n<meta name=\"robots\" content=\"index, follow, max-snippet:-1, max-image-preview:large, max-video-preview:-1\" \/>\n<link rel=\"canonical\" href=\"https:\/\/meenkdrop.nl\/de\/sortiment\/\" \/>\n<meta property=\"og:locale\" content=\"de_DE\" \/>\n<meta property=\"og:type\" content=\"article\" \/>\n<meta property=\"og:title\" content=\"Sortiment - Meenk\" \/>\n<meta property=\"og:description\" content=\"Bei MEENK bieten wir eine umfangreiche Auswahl. Ob Sie nun auf s\u00fc\u00dfes oder salziges Lakritz stehen, wir haben garantiert Lakritz, das Ihnen schmecken wird\" \/>\n<meta property=\"og:url\" content=\"https:\/\/meenkdrop.nl\/de\/sortiment\/\" \/>\n<meta property=\"og:site_name\" content=\"Meenk\" \/>\n<meta property=\"article:modified_time\" content=\"2023-11-07T08:54:38+00:00\" \/>\n<meta name=\"twitter:card\" content=\"summary_large_image\" \/>\n<meta name=\"twitter:label1\" content=\"Gesch\u00e4tzte Lesezeit\" \/>\n\t<meta name=\"twitter:data1\" content=\"23\u00a0Minuten\" \/>\n<script type=\"application\/ld+json\" class=\"yoast-schema-graph\">{\"@context\":\"https:\\\/\\\/schema.org\",\"@graph\":[{\"@type\":\"WebPage\",\"@id\":\"https:\\\/\\\/meenkdrop.nl\\\/de\\\/sortiment\\\/\",\"url\":\"https:\\\/\\\/meenkdrop.nl\\\/de\\\/sortiment\\\/\",\"name\":\"Sortiment - Meenk\",\"isPartOf\":{\"@id\":\"https:\\\/\\\/meenkdrop.nl\\\/#website\"},\"datePublished\":\"2023-07-17T07:27:18+00:00\",\"dateModified\":\"2023-11-07T08:54:38+00:00\",\"description\":\"Bei MEENK bieten wir eine umfangreiche Auswahl. Ob Sie nun auf s\u00fc\u00dfes oder salziges Lakritz stehen, wir haben garantiert Lakritz, das Ihnen schmecken wird\",\"breadcrumb\":{\"@id\":\"https:\\\/\\\/meenkdrop.nl\\\/de\\\/sortiment\\\/#breadcrumb\"},\"inLanguage\":\"de\",\"potentialAction\":[{\"@type\":\"ReadAction\",\"target\":[\"https:\\\/\\\/meenkdrop.nl\\\/de\\\/sortiment\\\/\"]}]},{\"@type\":\"BreadcrumbList\",\"@id\":\"https:\\\/\\\/meenkdrop.nl\\\/de\\\/sortiment\\\/#breadcrumb\",\"itemListElement\":[{\"@type\":\"ListItem\",\"position\":1,\"name\":\"Home\",\"item\":\"https:\\\/\\\/meenkdrop.nl\\\/de\\\/home\\\/\"},{\"@type\":\"ListItem\",\"position\":2,\"name\":\"Sortiment\"}]},{\"@type\":\"WebSite\",\"@id\":\"https:\\\/\\\/meenkdrop.nl\\\/#website\",\"url\":\"https:\\\/\\\/meenkdrop.nl\\\/\",\"name\":\"Meenk\",\"description\":\"\",\"potentialAction\":[{\"@type\":\"SearchAction\",\"target\":{\"@type\":\"EntryPoint\",\"urlTemplate\":\"https:\\\/\\\/meenkdrop.nl\\\/?s={search_term_string}\"},\"query-input\":{\"@type\":\"PropertyValueSpecification\",\"valueRequired\":true,\"valueName\":\"search_term_string\"}}],\"inLanguage\":\"de\"}]}<\/script>\n<!-- \/ Yoast SEO plugin. -->","yoast_head_json":{"title":"Sortiment - Meenk","description":"Bei MEENK bieten wir eine umfangreiche Auswahl. Ob Sie nun auf s\u00fc\u00dfes oder salziges Lakritz stehen, wir haben garantiert Lakritz, das Ihnen schmecken wird","robots":{"index":"index","follow":"follow","max-snippet":"max-snippet:-1","max-image-preview":"max-image-preview:large","max-video-preview":"max-video-preview:-1"},"canonical":"https:\/\/meenkdrop.nl\/de\/sortiment\/","og_locale":"de_DE","og_type":"article","og_title":"Sortiment - Meenk","og_description":"Bei MEENK bieten wir eine umfangreiche Auswahl. Ob Sie nun auf s\u00fc\u00dfes oder salziges Lakritz stehen, wir haben garantiert Lakritz, das Ihnen schmecken wird","og_url":"https:\/\/meenkdrop.nl\/de\/sortiment\/","og_site_name":"Meenk","article_modified_time":"2023-11-07T08:54:38+00:00","twitter_card":"summary_large_image","twitter_misc":{"Gesch\u00e4tzte Lesezeit":"23\u00a0Minuten"},"schema":{"@context":"https:\/\/schema.org","@graph":[{"@type":"WebPage","@id":"https:\/\/meenkdrop.nl\/de\/sortiment\/","url":"https:\/\/meenkdrop.nl\/de\/sortiment\/","name":"Sortiment - Meenk","isPartOf":{"@id":"https:\/\/meenkdrop.nl\/#website"},"datePublished":"2023-07-17T07:27:18+00:00","dateModified":"2023-11-07T08:54:38+00:00","description":"Bei MEENK bieten wir eine umfangreiche Auswahl. Ob Sie nun auf s\u00fc\u00dfes oder salziges Lakritz stehen, wir haben garantiert Lakritz, das Ihnen schmecken wird","breadcrumb":{"@id":"https:\/\/meenkdrop.nl\/de\/sortiment\/#breadcrumb"},"inLanguage":"de","potentialAction":[{"@type":"ReadAction","target":["https:\/\/meenkdrop.nl\/de\/sortiment\/"]}]},{"@type":"BreadcrumbList","@id":"https:\/\/meenkdrop.nl\/de\/sortiment\/#breadcrumb","itemListElement":[{"@type":"ListItem","position":1,"name":"Home","item":"https:\/\/meenkdrop.nl\/de\/home\/"},{"@type":"ListItem","position":2,"name":"Sortiment"}]},{"@type":"WebSite","@id":"https:\/\/meenkdrop.nl\/#website","url":"https:\/\/meenkdrop.nl\/","name":"Meenk","description":"","potentialAction":[{"@type":"SearchAction","target":{"@type":"EntryPoint","urlTemplate":"https:\/\/meenkdrop.nl\/?s={search_term_string}"},"query-input":{"@type":"PropertyValueSpecification","valueRequired":true,"valueName":"search_term_string"}}],"inLanguage":"de"}]}},"_links":{"self":[{"href":"https:\/\/meenkdrop.nl\/de\/wp-json\/wp\/v2\/pages\/430","targetHints":{"allow":["GET"]}}],"collection":[{"href":"https:\/\/meenkdrop.nl\/de\/wp-json\/wp\/v2\/pages"}],"about":[{"href":"https:\/\/meenkdrop.nl\/de\/wp-json\/wp\/v2\/types\/page"}],"author":[{"embeddable":true,"href":"https:\/\/meenkdrop.nl\/de\/wp-json\/wp\/v2\/users\/1"}],"replies":[{"embeddable":true,"href":"https:\/\/meenkdrop.nl\/de\/wp-json\/wp\/v2\/comments?post=430"}],"version-history":[{"count":12,"href":"https:\/\/meenkdrop.nl\/de\/wp-json\/wp\/v2\/pages\/430\/revisions"}],"predecessor-version":[{"id":596,"href":"https:\/\/meenkdrop.nl\/de\/wp-json\/wp\/v2\/pages\/430\/revisions\/596"}],"wp:attachment":[{"href":"https:\/\/meenkdrop.nl\/de\/wp-json\/wp\/v2\/media?parent=430"}],"curies":[{"name":"wp","href":"https:\/\/api.w.org\/{rel}","templated":true}]}}